{"id":62,"date":"2023-11-16T21:25:09","date_gmt":"2023-11-16T20:25:09","guid":{"rendered":"https:\/\/sonolux-sacrecoeur22.fr\/?page_id=62"},"modified":"2023-11-25T09:36:44","modified_gmt":"2023-11-25T08:36:44","slug":"objectifs","status":"publish","type":"page","link":"https:\/\/sonolux-sacrecoeur22.fr\/?page_id=62","title":{"rendered":"Objectifs &#8211; planification"},"content":{"rendered":"<p>[et_pb_section fb_built=\u00a0\u00bb1&Prime; _builder_version=\u00a0\u00bb4.23.1&Prime; _module_preset=\u00a0\u00bbdefault\u00a0\u00bb global_colors_info=\u00a0\u00bb{}\u00a0\u00bb][et_pb_row _builder_version=\u00a0\u00bb4.23.1&Prime; _module_preset=\u00a0\u00bbdefault\u00a0\u00bb global_colors_info=\u00a0\u00bb{}\u00a0\u00bb][et_pb_column type=\u00a0\u00bb4_4&Prime; _builder_version=\u00a0\u00bb4.23.1&Prime; _module_preset=\u00a0\u00bbdefault\u00a0\u00bb global_colors_info=\u00a0\u00bb{}\u00a0\u00bb][et_pb_text _builder_version=\u00a0\u00bb4.23.1&Prime; _module_preset=\u00a0\u00bbdefault\u00a0\u00bb hover_enabled=\u00a0\u00bb0&Prime; global_colors_info=\u00a0\u00bb{}\u00a0\u00bb sticky_enabled=\u00a0\u00bb0&Prime;]<\/p>\n<p><strong>L&rsquo;objectif majeur<\/strong>, op\u00e9rationnel, \u00e9tait <span style=\"text-decoration: underline;\">d&rsquo;alimenter la rercherche effectu\u00e9e autour du bien-\u00eatre des nouveaux-n\u00e9s en service de n\u00e9onatologie<\/span> et ainsi, gr\u00e2ce \u00e0 la sollicitation du centre hospitalier fran\u00e7ais Yves Le Foll \u00e0 Saint-Brieuc, \u00e9tendre la r\u00e9flexion \u00e0 deux pays partenaires, en la participation de deux \u00e9tablissements similaires en Espagne et en Italie, chacun adoss\u00e9 \u00e0 un service de n\u00e9onatologie espagnol et italien.<br \/>En outre, <span style=\"text-decoration: underline;\">la question du genre en service de n\u00e9onatologie ainsi que dans les \u00e9tudes scientifiques \u00e0 fait l&rsquo;objet d&rsquo;un deuxi\u00e8me objectif<\/span> visant \u00e0 produire un questionnement sur le sujet par la production d&rsquo;une vid\u00e9o.<br \/>Enfin, <span style=\"text-decoration: underline;\">le partage et la n\u00e9cessaire internationalisation des productions<\/span> engendrait le fait de rendre accessible les travaux des uns et des autres quel que soit le pays.<\/p>\n<p><strong>Nous avons r\u00e9alis\u00e9 trois activit\u00e9s principales :<\/strong><strong><\/strong><\/p>\n<ul>\n<li>la conception, la fabrication et la mise en fonctionnement d&rsquo;un outil de captation et d&rsquo;analyse de signaux sonores et lumineux, destin\u00e9 aux services de n\u00e9onatologie des trois centres hospitaliers (fran\u00e7ais, italien et espagnol),<\/li>\n<li>la production de manuels multilingues d&rsquo;utilisation de ces boitiers,<\/li>\n<li>la r\u00e9alisation de deux vid\u00e9os, l&rsquo;une pr\u00e9sentant le projet int\u00e9gral, l&rsquo;autre questionnant (avec humour) la participation des filles dans les parcours scolaires scientifiques.<\/li>\n<\/ul>\n<p>Ci-dessous, vous trouverez une pr\u00e9sentation approfondie du projet.<\/p>\n<p>[\/et_pb_text][\/et_pb_column][\/et_pb_row][et_pb_row _builder_version=\u00a0\u00bb4.23.1&Prime; _module_preset=\u00a0\u00bbdefault\u00a0\u00bb global_colors_info=\u00a0\u00bb{}\u00a0\u00bb][et_pb_column type=\u00a0\u00bb4_4&Prime; _builder_version=\u00a0\u00bb4.23.1&Prime; _module_preset=\u00a0\u00bbdefault\u00a0\u00bb global_colors_info=\u00a0\u00bb{}\u00a0\u00bb][et_pb_code _builder_version=\u00a0\u00bb4.23.1&Prime; _module_preset=\u00a0\u00bbdefault\u00a0\u00bb global_colors_info=\u00a0\u00bb{}\u00a0\u00bb]<\/p>\n<div style=\"width: 100%;\">\n<div style=\"position: relative; padding-bottom: 56.25%; padding-top: 0; height: 0;\"><iframe loading=\"lazy\" title=\"SONOLUX ABP\" frameborder=\"0\" width=\"1200\" height=\"675\" style=\"position: absolute; top: 0; left: 0; width: 100%; height: 100%;\" src=\"https:\/\/view.genial.ly\/62321846fc3c0800187a0471\" type=\"text\/html\" allowscriptaccess=\"always\" allowfullscreen=\"true\" scrolling=\"yes\" allownetworking=\"all\"><\/iframe> <\/div>\n<\/p><\/div>\n<p>[\/et_pb_code][\/et_pb_column][\/et_pb_row][\/et_pb_section]<\/p>\n","protected":false},"excerpt":{"rendered":"<p>L&rsquo;objectif majeur, op\u00e9rationnel, \u00e9tait d&rsquo;alimenter la rercherche effectu\u00e9e autour du bien-\u00eatre des nouveaux-n\u00e9s en service de n\u00e9onatologie et ainsi, gr\u00e2ce \u00e0 la sollicitation du centre hospitalier fran\u00e7ais Yves Le Foll \u00e0 Saint-Brieuc, \u00e9tendre la r\u00e9flexion \u00e0 deux pays partenaires, en la participation de deux \u00e9tablissements similaires en Espagne et en Italie, chacun adoss\u00e9 \u00e0 un [&hellip;]<\/p>\n","protected":false},"author":1,"featured_media":0,"parent":0,"menu_order":0,"comment_status":"closed","ping_status":"closed","template":"","meta":{"_et_pb_use_builder":"on","_et_pb_old_content":"<!-- wp:divi\/placeholder \/-->","_et_gb_content_width":"","om_disable_all_campaigns":false,"_monsterinsights_skip_tracking":false,"_monsterinsights_sitenote_active":false,"_monsterinsights_sitenote_note":"","_monsterinsights_sitenote_category":0,"footnotes":""},"class_list":["post-62","page","type-page","status-publish","hentry"],"aioseo_notices":[],"_links":{"self":[{"href":"https:\/\/sonolux-sacrecoeur22.fr\/index.php?rest_route=\/wp\/v2\/pages\/62","targetHints":{"allow":["GET"]}}],"collection":[{"href":"https:\/\/sonolux-sacrecoeur22.fr\/index.php?rest_route=\/wp\/v2\/pages"}],"about":[{"href":"https:\/\/sonolux-sacrecoeur22.fr\/index.php?rest_route=\/wp\/v2\/types\/page"}],"author":[{"embeddable":true,"href":"https:\/\/sonolux-sacrecoeur22.fr\/index.php?rest_route=\/wp\/v2\/users\/1"}],"replies":[{"embeddable":true,"href":"https:\/\/sonolux-sacrecoeur22.fr\/index.php?rest_route=%2Fwp%2Fv2%2Fcomments&post=62"}],"version-history":[{"count":7,"href":"https:\/\/sonolux-sacrecoeur22.fr\/index.php?rest_route=\/wp\/v2\/pages\/62\/revisions"}],"predecessor-version":[{"id":340,"href":"https:\/\/sonolux-sacrecoeur22.fr\/index.php?rest_route=\/wp\/v2\/pages\/62\/revisions\/340"}],"wp:attachment":[{"href":"https:\/\/sonolux-sacrecoeur22.fr\/index.php?rest_route=%2Fwp%2Fv2%2Fmedia&parent=62"}],"curies":[{"name":"wp","href":"https:\/\/api.w.org\/{rel}","templated":true}]}}