{"id":67,"date":"2023-11-19T16:06:29","date_gmt":"2023-11-19T15:06:29","guid":{"rendered":"https:\/\/sonolux-sacrecoeur22.fr\/?page_id=67"},"modified":"2023-12-13T07:14:26","modified_gmt":"2023-12-13T06:14:26","slug":"presse-medias","status":"publish","type":"page","link":"https:\/\/sonolux-sacrecoeur22.fr\/?page_id=67","title":{"rendered":"Presse &#8211; m\u00e9dias"},"content":{"rendered":"<p>[et_pb_section fb_built=\u00a0\u00bb1&Prime; _builder_version=\u00a0\u00bb4.23.1&Prime; _module_preset=\u00a0\u00bbdefault\u00a0\u00bb global_colors_info=\u00a0\u00bb{}\u00a0\u00bb][et_pb_row column_structure=\u00a0\u00bb1_3,1_3,1_3&Prime; _builder_version=\u00a0\u00bb4.23.1&Prime; _module_preset=\u00a0\u00bbdefault\u00a0\u00bb global_colors_info=\u00a0\u00bb{}\u00a0\u00bb][et_pb_column _builder_version=\u00a0\u00bb4.23.1&Prime; _module_preset=\u00a0\u00bbdefault\u00a0\u00bb type=\u00a0\u00bb1_3&Prime;][et_pb_image src=\u00a0\u00bbhttp:\/\/sonolux-sacrecoeur22.fr\/wp-content\/uploads\/2023\/12\/rcf.webp\u00a0\u00bb title_text=\u00a0\u00bbrcf\u00a0\u00bb url=\u00a0\u00bbhttps:\/\/www.rcf.fr\/actualite\/linfo-positive\u00a0\u00bb url_new_window=\u00a0\u00bbon\u00a0\u00bb _builder_version=\u00a0\u00bb4.23.1&Prime; _module_preset=\u00a0\u00bbdefault\u00a0\u00bb width=\u00a0\u00bb47%\u00a0\u00bb module_alignment=\u00a0\u00bbcenter\u00a0\u00bb hover_enabled=\u00a0\u00bb0&Prime; global_colors_info=\u00a0\u00bb{}\u00a0\u00bb sticky_enabled=\u00a0\u00bb0&Prime;][\/et_pb_image][\/et_pb_column][et_pb_column type=\u00a0\u00bb1_3&Prime; _builder_version=\u00a0\u00bb4.23.1&Prime; _module_preset=\u00a0\u00bbdefault\u00a0\u00bb global_colors_info=\u00a0\u00bb{}\u00a0\u00bb][et_pb_text _builder_version=\u00a0\u00bb4.23.1&Prime; _module_preset=\u00a0\u00bbdefault\u00a0\u00bb global_colors_info=\u00a0\u00bb{}\u00a0\u00bb]<\/p>\n<p>Des lyc\u00e9ens aux petits soins de nouveaux n\u00e9s ! A Saint-Brieuc, l&rsquo;\u00e9quipe du service de n\u00e9onatologie de l&rsquo;h\u00f4pital a d\u00e9cid\u00e9 de collaborer avec la classe Sciences et Technologie de l\u2019Industrie et du D\u00e9veloppement durable (STI2D) du lyc\u00e9e du Sacr\u00e9 C\u0153ur. Apr\u00e8s deux ans de travail, les \u00e9l\u00e8ves ont produit SONOLUX.\u00a0\u00a0\u00a0\u00a0\u00a0\u00a0\u00a0\u00a0\u00a0\u00a0\u00a0\u00a0\u00a0\u00a0\u00a0\u00a0\u00a0\u00a0\u00a0\u00a0\u00a0\u00a0\u00a0\u00a0\u00a0\u00a0 <em>RCF Bretagne, 18\/12\/23<\/em><\/p>\n<p>[\/et_pb_text][\/et_pb_column][et_pb_column _builder_version=\u00a0\u00bb4.23.1&Prime; _module_preset=\u00a0\u00bbdefault\u00a0\u00bb type=\u00a0\u00bb1_3&Prime;][et_pb_code _builder_version=\u00a0\u00bb4.23.1&Prime; _module_preset=\u00a0\u00bbdefault\u00a0\u00bb global_colors_info=\u00a0\u00bb{}\u00a0\u00bb]<iframe allowfullscreen width=100% height=140px src=\"https:\/\/www.rcf.fr\/actualite\/linfo-positive\/embed?episodeId=432856\"><\/iframe>[\/et_pb_code][\/et_pb_column][\/et_pb_row][et_pb_row column_structure=\u00a0\u00bb1_2,1_2&Prime; _builder_version=\u00a0\u00bb4.23.1&Prime; _module_preset=\u00a0\u00bbdefault\u00a0\u00bb global_colors_info=\u00a0\u00bb{}\u00a0\u00bb][et_pb_column type=\u00a0\u00bb1_2&Prime; _builder_version=\u00a0\u00bb4.23.1&Prime; _module_preset=\u00a0\u00bbdefault\u00a0\u00bb global_colors_info=\u00a0\u00bb{}\u00a0\u00bb][et_pb_blurb title=\u00a0\u00bbInvent\u00e9 par des lyc\u00e9ens de Saint-Brieuc, le sonolux va am\u00e9liorer le confort des b\u00e9b\u00e9s hospitalis\u00e9s\u00a0\u00bb url=\u00a0\u00bbhttps:\/\/www.ouest-france.fr\/bretagne\/saint-brieuc-22000\/invente-par-des-lycees-de-saint-brieuc-le-sonolux-va-ameliorer-le-confort-des-bebes-hospitalises-10256b94-8492-11ee-9b65-2282e6d4bdd9&Prime; url_new_window=\u00a0\u00bbon\u00a0\u00bb image=\u00a0\u00bbhttp:\/\/sonolux-sacrecoeur22.fr\/wp-content\/uploads\/2023\/11\/vincent2.png\u00a0\u00bb _builder_version=\u00a0\u00bb4.23.1&Prime; _module_preset=\u00a0\u00bbdefault\u00a0\u00bb link_option_url=\u00a0\u00bbhttps:\/\/www.ouest-france.fr\/bretagne\/saint-brieuc-22000\/invente-par-des-lycees-de-saint-brieuc-le-sonolux-va-ameliorer-le-confort-des-bebes-hospitalises-10256b94-8492-11ee-9b65-2282e6d4bdd9&Prime; link_option_url_new_window=\u00a0\u00bbon\u00a0\u00bb global_colors_info=\u00a0\u00bb{}\u00a0\u00bb]<\/p>\n<p>Ouest-France, le 18 novembre 2023<\/p>\n<p>[\/et_pb_blurb][\/et_pb_column][et_pb_column type=\u00a0\u00bb1_2&Prime; _builder_version=\u00a0\u00bb4.23.1&Prime; _module_preset=\u00a0\u00bbdefault\u00a0\u00bb global_colors_info=\u00a0\u00bb{}\u00a0\u00bb][et_pb_blurb title=\u00a0\u00bbAu CH Yves Le Foll, le service de n\u00e9onatologie dot\u00e9 de %22nuages sonores &#038; lumineux%22&Prime; url=\u00a0\u00bbhttps:\/\/www.letelegramme.fr\/cotes-d-armor\/saint-brieuc-22000\/au-chu-de-saint-brieuc-le-service-de-neonatologie-dote-de-nuages-sonores-et-lumineux-6471131.php\u00a0\u00bb url_new_window=\u00a0\u00bbon\u00a0\u00bb image=\u00a0\u00bbhttp:\/\/sonolux-sacrecoeur22.fr\/wp-content\/uploads\/2023\/11\/2023-11-20-sonolux-ltg.png\u00a0\u00bb _builder_version=\u00a0\u00bb4.23.1&Prime; _module_preset=\u00a0\u00bbdefault\u00a0\u00bb link_option_url=\u00a0\u00bbhttps:\/\/www.letelegramme.fr\/cotes-d-armor\/saint-brieuc-22000\/au-chu-de-saint-brieuc-le-service-de-neonatologie-dote-de-nuages-sonores-et-lumineux-6471131.php\u00a0\u00bb link_option_url_new_window=\u00a0\u00bbon\u00a0\u00bb global_colors_info=\u00a0\u00bb{}\u00a0\u00bb]<\/p>\n<p>Le T\u00e9l\u00e9gramme, 20 novembre 2023<\/p>\n<p>[\/et_pb_blurb][\/et_pb_column][\/et_pb_row][et_pb_row column_structure=\u00a0\u00bb1_2,1_2&Prime; _builder_version=\u00a0\u00bb4.23.1&Prime; _module_preset=\u00a0\u00bbdefault\u00a0\u00bb global_colors_info=\u00a0\u00bb{}\u00a0\u00bb][et_pb_column type=\u00a0\u00bb1_2&Prime; _builder_version=\u00a0\u00bb4.23.1&Prime; _module_preset=\u00a0\u00bbdefault\u00a0\u00bb global_colors_info=\u00a0\u00bb{}\u00a0\u00bb][et_pb_blurb title=\u00a0\u00bbFase final del projecte Erasmus SONOLUX a l\u2019IPM\u00a0\u00bb url=\u00a0\u00bbhttps:\/\/agora.xtec.cat\/inspm\/general\/fase-final-del-projecte-erasmus-sonolux-a-lipm\/\u00a0\u00bb url_new_window=\u00a0\u00bbon\u00a0\u00bb image=\u00a0\u00bbhttp:\/\/sonolux-sacrecoeur22.fr\/wp-content\/uploads\/2023\/11\/tn3-gp-1.jpg\u00a0\u00bb _builder_version=\u00a0\u00bb4.23.1&Prime; _module_preset=\u00a0\u00bbdefault\u00a0\u00bb link_option_url=\u00a0\u00bbhttps:\/\/agora.xtec.cat\/inspm\/general\/fase-final-del-projecte-erasmus-sonolux-a-lipm\/\u00a0\u00bb link_option_url_new_window=\u00a0\u00bbon\u00a0\u00bb global_colors_info=\u00a0\u00bb{}\u00a0\u00bb]<\/p>\n<p>agora.xtec.cat\/inspm, le 19 octobre 2023<\/p>\n<p>[\/et_pb_blurb][\/et_pb_column][et_pb_column type=\u00a0\u00bb1_2&Prime; _builder_version=\u00a0\u00bb4.23.1&Prime; _module_preset=\u00a0\u00bbdefault\u00a0\u00bb global_colors_info=\u00a0\u00bb{}\u00a0\u00bb][et_pb_blurb title=\u00a0\u00bbSaint-Brieuc : Sonolux, qui mesure bruit et lumi\u00e8re en n\u00e9onatologie, sera exp\u00e9riment\u00e9 \u00e0 Le Foll, cet \u00e9t\u00e9\u00a0\u00bb url=\u00a0\u00bbhttps:\/\/www.letelegramme.fr\/cotes-d-armor\/saint-brieuc-22000\/saint-brieuc-sonolux-qui-mesure-bruit-et-lumiere-en-neonatologie-sera-experimente-a-le-foll-cet-ete-290525.php\u00a0\u00bb image=\u00a0\u00bbhttp:\/\/sonolux-sacrecoeur22.fr\/wp-content\/uploads\/2023\/11\/bebe-2.jpg\u00a0\u00bb _builder_version=\u00a0\u00bb4.23.1&Prime; _module_preset=\u00a0\u00bbdefault\u00a0\u00bb link_option_url=\u00a0\u00bbhttps:\/\/www.letelegramme.fr\/cotes-d-armor\/saint-brieuc-22000\/saint-brieuc-sonolux-qui-mesure-bruit-et-lumiere-en-neonatologie-sera-experimente-a-le-foll-cet-ete-290525.php\u00a0\u00bb link_option_url_new_window=\u00a0\u00bbon\u00a0\u00bb global_colors_info=\u00a0\u00bb{}\u00a0\u00bb]<\/p>\n<p>Le T\u00e9\u00e9gramme, le 7 juillet 2022<\/p>\n<p>[\/et_pb_blurb][\/et_pb_column][\/et_pb_row][et_pb_row column_structure=\u00a0\u00bb1_2,1_2&Prime; _builder_version=\u00a0\u00bb4.23.1&Prime; _module_preset=\u00a0\u00bbdefault\u00a0\u00bb global_colors_info=\u00a0\u00bb{}\u00a0\u00bb][et_pb_column type=\u00a0\u00bb1_2&Prime; _builder_version=\u00a0\u00bb4.23.1&Prime; _module_preset=\u00a0\u00bbdefault\u00a0\u00bb global_colors_info=\u00a0\u00bb{}\u00a0\u00bb][et_pb_blurb title=\u00a0\u00bb2023-mars Sonolux, visite d&rsquo;\u00e9l\u00e8ves italiens et espagnols au Sacr\u00e9-Coeur\u00a0\u00bb url=\u00a0\u00bbhttps:\/\/www.styves-sacrecoeurlasalle.bzh\/actualites\/2023-mars-sonolux-visite-deleves-italiens-et-espagnols-au-sacre-coeur\u00a0\u00bb url_new_window=\u00a0\u00bbon\u00a0\u00bb image=\u00a0\u00bbhttp:\/\/sonolux-sacrecoeur22.fr\/wp-content\/uploads\/2023\/11\/lsc.png\u00a0\u00bb image_icon_width=\u00a0\u00bb57%\u00a0\u00bb _builder_version=\u00a0\u00bb4.23.1&Prime; _module_preset=\u00a0\u00bbdefault\u00a0\u00bb link_option_url=\u00a0\u00bbhttps:\/\/www.styves-sacrecoeurlasalle.bzh\/actualites\/2023-mars-sonolux-visite-deleves-italiens-et-espagnols-au-sacre-coeur\u00a0\u00bb link_option_url_new_window=\u00a0\u00bbon\u00a0\u00bb global_colors_info=\u00a0\u00bb{}\u00a0\u00bb]<\/p>\n<p>styves-sacrecoeurlasalle.bzh, le 5 mars 2023<\/p>\n<p>[\/et_pb_blurb][\/et_pb_column][et_pb_column type=\u00a0\u00bb1_2&Prime; _builder_version=\u00a0\u00bb4.23.1&Prime; _module_preset=\u00a0\u00bbdefault\u00a0\u00bb global_colors_info=\u00a0\u00bb{}\u00a0\u00bb][et_pb_blurb title=\u00a0\u00bbSONOLUX &#8211; Erasmus+ 2021-2023  Realizzazione ed installazione di un apparecchio per misurare livelli acustici e luminosi\u00a0\u00bb url=\u00a0\u00bbhttps:\/\/www.comune.modena.it\/europe-direct\/educare-alleuropa\/erasmus\/il-bello-di-erasmusplus-1\/erasmusplus-al-liceo-tassoni-di-modena\/sonolux-erasmus-2021-2023-1&Prime; url_new_window=\u00a0\u00bbon\u00a0\u00bb image=\u00a0\u00bbhttp:\/\/sonolux-sacrecoeur22.fr\/wp-content\/uploads\/2023\/11\/tassoni-1.jpg\u00a0\u00bb _builder_version=\u00a0\u00bb4.23.1&Prime; _module_preset=\u00a0\u00bbdefault\u00a0\u00bb link_option_url=\u00a0\u00bbhttps:\/\/www.comune.modena.it\/europe-direct\/educare-alleuropa\/erasmus\/il-bello-di-erasmusplus-1\/erasmusplus-al-liceo-tassoni-di-modena\/sonolux-erasmus-2021-2023-1&Prime; link_option_url_new_window=\u00a0\u00bbon\u00a0\u00bb global_colors_info=\u00a0\u00bb{}\u00a0\u00bb]<\/p>\n<p>Comune di Modena &#8211; Rete Civica Monet, 21 novembre 2022<\/p>\n<p>[\/et_pb_blurb][\/et_pb_column][\/et_pb_row][et_pb_row column_structure=\u00a0\u00bb1_2,1_2&Prime; _builder_version=\u00a0\u00bb4.23.1&Prime; _module_preset=\u00a0\u00bbdefault\u00a0\u00bb global_colors_info=\u00a0\u00bb{}\u00a0\u00bb][et_pb_column type=\u00a0\u00bb1_2&Prime; _builder_version=\u00a0\u00bb4.23.1&Prime; _module_preset=\u00a0\u00bbdefault\u00a0\u00bb global_colors_info=\u00a0\u00bb{}\u00a0\u00bb][et_pb_blurb title=\u00a0\u00bbControllo rumore e luminosit\u00e0: la Neonatologia del Policlinico e il Liceo Tassoni insieme per un progetto europeo \u00a0\u00bb url=\u00a0\u00bbhttps:\/\/www.liceotassoni.edu.it\/il-progetto-erasmus-sonolux-al-tassoni\/\u00a0\u00bb url_new_window=\u00a0\u00bbon\u00a0\u00bb image=\u00a0\u00bbhttp:\/\/sonolux-sacrecoeur22.fr\/wp-content\/uploads\/2023\/11\/liceo-tassoni.jpeg\u00a0\u00bb image_icon_width=\u00a0\u00bb47%\u00a0\u00bb _builder_version=\u00a0\u00bb4.23.1&Prime; _module_preset=\u00a0\u00bbdefault\u00a0\u00bb link_option_url=\u00a0\u00bbhttps:\/\/www.liceotassoni.edu.it\/il-progetto-erasmus-sonolux-al-tassoni\/\u00a0\u00bb link_option_url_new_window=\u00a0\u00bbon\u00a0\u00bb global_colors_info=\u00a0\u00bb{}\u00a0\u00bb]<\/p>\n<p>liceotassoni.edu.it, 7 novembre 2022<\/p>\n<p>[\/et_pb_blurb][\/et_pb_column][et_pb_column type=\u00a0\u00bb1_2&Prime; _builder_version=\u00a0\u00bb4.23.1&Prime; _module_preset=\u00a0\u00bbdefault\u00a0\u00bb global_colors_info=\u00a0\u00bb{}\u00a0\u00bb][et_pb_blurb title=\u00a0\u00bbCes lyc\u00e9ens de Saint-Brieuc inventent un prototype pour am\u00e9liorer le bien-\u00eatre des pr\u00e9matur\u00e9s\u00a0\u00bb url=\u00a0\u00bbhttp:\/\/Ces%20lyc\u00e9ens%20de%20Saint-Brieuc%20inventent%20un%20prototype%20pour%20am\u00e9liorer%20le%20bien-\u00eatre%20des%20pr\u00e9matur\u00e9s\u00a0\u00bb url_new_window=\u00a0\u00bbon\u00a0\u00bb image=\u00a0\u00bbhttp:\/\/sonolux-sacrecoeur22.fr\/wp-content\/uploads\/2023\/11\/6382948db045b813a829f085.jpg\u00a0\u00bb _builder_version=\u00a0\u00bb4.23.1&Prime; _module_preset=\u00a0\u00bbdefault\u00a0\u00bb link_option_url=\u00a0\u00bbhttps:\/\/www.letelegramme.fr\/cotes-d-armor\/saint-brieuc-22000\/ces-lyceens-de-saint-brieuc-inventent-un-prototype-pour-ameliorer-le-bien-etre-des-prematures-276809.php\u00a0\u00bb link_option_url_new_window=\u00a0\u00bbon\u00a0\u00bb global_colors_info=\u00a0\u00bb{}\u00a0\u00bb]<\/p>\n<p>Le t\u00e9l\u00e9gramme, l<time datetime=\"2022-06-17T19:04:03+02:00\">e 17 juin 2022<\/time><\/p>\n<p>[\/et_pb_blurb][\/et_pb_column][\/et_pb_row][et_pb_row column_structure=\u00a0\u00bb1_2,1_2&Prime; _builder_version=\u00a0\u00bb4.23.1&Prime; _module_preset=\u00a0\u00bbdefault\u00a0\u00bb global_colors_info=\u00a0\u00bb{}\u00a0\u00bb][et_pb_column type=\u00a0\u00bb1_2&Prime; _builder_version=\u00a0\u00bb4.23.1&Prime; _module_preset=\u00a0\u00bbdefault\u00a0\u00bb global_colors_info=\u00a0\u00bb{}\u00a0\u00bb][et_pb_blurb title=\u00a0\u00bbL&rsquo;institut Premi\u00e0 De Mar s&rsquo;associe \u00e0 des \u00e9tudiants italiens et fran\u00e7ais pour am\u00e9liorer la vie des enfants hospitalis\u00e9s\u00a0\u00bb url=\u00a0\u00bbhttps:\/\/premiamedia.cat\/linstitut-salia-amb-estudiants-ditalia-i-franca-per-millorar-la-vida-dels-nadons-prematurs\/\u00a0\u00bb url_new_window=\u00a0\u00bbon\u00a0\u00bb image=\u00a0\u00bbhttp:\/\/sonolux-sacrecoeur22.fr\/wp-content\/uploads\/2023\/11\/mob-esp-coll.jpg\u00a0\u00bb _builder_version=\u00a0\u00bb4.23.1&Prime; _module_preset=\u00a0\u00bbdefault\u00a0\u00bb link_option_url=\u00a0\u00bbhttps:\/\/premiamedia.cat\/linstitut-salia-amb-estudiants-ditalia-i-franca-per-millorar-la-vida-dels-nadons-prematurs\/\u00a0\u00bb link_option_url_new_window=\u00a0\u00bbon\u00a0\u00bb global_colors_info=\u00a0\u00bb{}\u00a0\u00bb]<\/p>\n<p>Premi\u00e0 M\u00e8dia, 7 avril 2022<\/p>\n<p>[\/et_pb_blurb][\/et_pb_column][et_pb_column type=\u00a0\u00bb1_2&Prime; _builder_version=\u00a0\u00bb4.23.1&Prime; _module_preset=\u00a0\u00bbdefault\u00a0\u00bb global_colors_info=\u00a0\u00bb{}\u00a0\u00bb][et_pb_blurb title=\u00a0\u00bbLe sonolux, une invention lyc\u00e9enne pour am\u00e9liorer le confort des b\u00e9b\u00e9s hospitalis\u00e9s, \u00e0 Saint-Brieuc\u00a0\u00bb url=\u00a0\u00bbhttps:\/\/www.ouest-france.fr\/bretagne\/saint-brieuc-22000\/saint-brieuc-le-sonolux-une-invention-lyceenne-pour-ameliorer-le-confort-des-bebes-hospitalises-7b0e466e-5123-11ec-aefb-38e333a045a2&Prime; url_new_window=\u00a0\u00bbon\u00a0\u00bb image=\u00a0\u00bbhttp:\/\/sonolux-sacrecoeur22.fr\/wp-content\/uploads\/2023\/11\/maville.png\u00a0\u00bb _builder_version=\u00a0\u00bb4.23.1&Prime; _module_preset=\u00a0\u00bbdefault\u00a0\u00bb link_option_url=\u00a0\u00bbhttps:\/\/www.ouest-france.fr\/bretagne\/saint-brieuc-22000\/saint-brieuc-le-sonolux-une-invention-lyceenne-pour-ameliorer-le-confort-des-bebes-hospitalises-7b0e466e-5123-11ec-aefb-38e333a045a2&Prime; link_option_url_new_window=\u00a0\u00bbon\u00a0\u00bb global_colors_info=\u00a0\u00bb{}\u00a0\u00bb]<\/p>\n<p>Maville.com &#8211; jeudi 09 d\u00e9cembre 2021<\/p>\n<p>[\/et_pb_blurb][\/et_pb_column][\/et_pb_row][\/et_pb_section]<\/p>\n","protected":false},"excerpt":{"rendered":"<p>Des lyc\u00e9ens aux petits soins de nouveaux n\u00e9s ! A Saint-Brieuc, l&rsquo;\u00e9quipe du service de n\u00e9onatologie de l&rsquo;h\u00f4pital a d\u00e9cid\u00e9 de collaborer avec la classe Sciences et Technologie de l\u2019Industrie et du D\u00e9veloppement durable (STI2D) du lyc\u00e9e du Sacr\u00e9 C\u0153ur. Apr\u00e8s deux ans de travail, les \u00e9l\u00e8ves ont produit SONOLUX.\u00a0\u00a0\u00a0\u00a0\u00a0\u00a0\u00a0\u00a0\u00a0\u00a0\u00a0\u00a0\u00a0\u00a0\u00a0\u00a0\u00a0\u00a0\u00a0\u00a0\u00a0\u00a0\u00a0\u00a0\u00a0\u00a0 RCF Bretagne, 18\/12\/23Ouest-France, le 18 [&hellip;]<\/p>\n","protected":false},"author":1,"featured_media":0,"parent":0,"menu_order":0,"comment_status":"closed","ping_status":"closed","template":"","meta":{"_et_pb_use_builder":"on","_et_pb_old_content":"","_et_gb_content_width":"","om_disable_all_campaigns":false,"_monsterinsights_skip_tracking":false,"_monsterinsights_sitenote_active":false,"_monsterinsights_sitenote_note":"","_monsterinsights_sitenote_category":0,"footnotes":""},"class_list":["post-67","page","type-page","status-publish","hentry"],"aioseo_notices":[],"_links":{"self":[{"href":"https:\/\/sonolux-sacrecoeur22.fr\/index.php?rest_route=\/wp\/v2\/pages\/67","targetHints":{"allow":["GET"]}}],"collection":[{"href":"https:\/\/sonolux-sacrecoeur22.fr\/index.php?rest_route=\/wp\/v2\/pages"}],"about":[{"href":"https:\/\/sonolux-sacrecoeur22.fr\/index.php?rest_route=\/wp\/v2\/types\/page"}],"author":[{"embeddable":true,"href":"https:\/\/sonolux-sacrecoeur22.fr\/index.php?rest_route=\/wp\/v2\/users\/1"}],"replies":[{"embeddable":true,"href":"https:\/\/sonolux-sacrecoeur22.fr\/index.php?rest_route=%2Fwp%2Fv2%2Fcomments&post=67"}],"version-history":[{"count":16,"href":"https:\/\/sonolux-sacrecoeur22.fr\/index.php?rest_route=\/wp\/v2\/pages\/67\/revisions"}],"predecessor-version":[{"id":411,"href":"https:\/\/sonolux-sacrecoeur22.fr\/index.php?rest_route=\/wp\/v2\/pages\/67\/revisions\/411"}],"wp:attachment":[{"href":"https:\/\/sonolux-sacrecoeur22.fr\/index.php?rest_route=%2Fwp%2Fv2%2Fmedia&parent=67"}],"curies":[{"name":"wp","href":"https:\/\/api.w.org\/{rel}","templated":true}]}}