{"id":74,"date":"2023-11-16T21:14:42","date_gmt":"2023-11-16T20:14:42","guid":{"rendered":"https:\/\/sonolux-sacrecoeur22.fr\/?page_id=74"},"modified":"2023-11-30T16:22:10","modified_gmt":"2023-11-30T15:22:10","slug":"discrimination-de-genre-dans-les-etudes-scientifiques","status":"publish","type":"page","link":"https:\/\/sonolux-sacrecoeur22.fr\/?page_id=74","title":{"rendered":"Discrimination de genre dans les \u00e9tudes scientifiques"},"content":{"rendered":"<p>[et_pb_section fb_built=\u00a0\u00bb1&Prime; _builder_version=\u00a0\u00bb4.23.1&Prime; _module_preset=\u00a0\u00bbdefault\u00a0\u00bb global_colors_info=\u00a0\u00bb{}\u00a0\u00bb][et_pb_row column_structure=\u00a0\u00bb1_2,1_2&Prime; _builder_version=\u00a0\u00bb4.23.1&Prime; _module_preset=\u00a0\u00bbdefault\u00a0\u00bb global_colors_info=\u00a0\u00bb{}\u00a0\u00bb][et_pb_column type=\u00a0\u00bb1_2&Prime; _builder_version=\u00a0\u00bb4.23.1&Prime; _module_preset=\u00a0\u00bbdefault\u00a0\u00bb global_colors_info=\u00a0\u00bb{}\u00a0\u00bb][et_pb_text _builder_version=\u00a0\u00bb4.23.1&Prime; _module_preset=\u00a0\u00bbdefault\u00a0\u00bb hover_enabled=\u00a0\u00bb0&Prime; global_colors_info=\u00a0\u00bb{}\u00a0\u00bb sticky_enabled=\u00a0\u00bb0&Prime;]<\/p>\n<h4>Attractivit\u00e9 des \u00e9tudes et m\u00e9tiers scientifiques, selon le genre<\/h4>\n<p>[\/et_pb_text][et_pb_text _builder_version=\u00a0\u00bb4.23.1&Prime; _module_preset=\u00a0\u00bbdefault\u00a0\u00bb global_colors_info=\u00a0\u00bb{}\u00a0\u00bb]<\/p>\n<p>Cet objectif, en parall\u00e8le de la r\u00e9alisation du boitier de captation sonore et lumineuse, consistait \u00e0 <strong>questionner l&rsquo;\u00e9galit\u00e9 homme &#8211; femme dans l&rsquo;acc\u00e8s ou l&rsquo;int\u00e9r\u00eat port\u00e9 aux \u00e9tudes et aux m\u00e9tiers scientifiques<\/strong>.<\/p>\n<p>Suite \u00e0 une r\u00e9flexion men\u00e9e par les 3 groupes, en pays puis en r\u00e9unions internationales, la r\u00e9alisation d&rsquo;un film a permis de produire le r\u00e9sultat annonc\u00e9 initialement dans le projet.<\/p>\n<p>Plusieurs sc\u00e9narii ont \u00e9t\u00e9 envisag\u00e9s, puis l&rsquo;un d&rsquo;eux a \u00e9t\u00e9 retenu lors de la mobilit\u00e9 \u00e0 Mod\u00e8ne. Durant cette semaine en Italie, ce sc\u00e9nario a \u00e9t\u00e9 am\u00e9lior\u00e9, un storyboard a vu le jour. Plusieurs \u00e9l\u00e8ves de chaque pays se sont pr\u00eat\u00e9s au jeu du tournage, pour fournir ce joli film, qui prend les in\u00e9galit\u00e9s de genre \u00e0 contrepied, avec humour.<\/p>\n<p>Une mani\u00e8re intelligente d&rsquo;aborder ce sujet sensible.<\/p>\n<p>[\/et_pb_text][\/et_pb_column][et_pb_column type=\u00a0\u00bb1_2&Prime; _builder_version=\u00a0\u00bb4.23.1&Prime; _module_preset=\u00a0\u00bbdefault\u00a0\u00bb global_colors_info=\u00a0\u00bb{}\u00a0\u00bb][et_pb_video src=\u00a0\u00bbhttps:\/\/youtu.be\/x6w5V5vnHA4&Prime; _builder_version=\u00a0\u00bb4.23.1&Prime; _module_preset=\u00a0\u00bbdefault\u00a0\u00bb global_colors_info=\u00a0\u00bb{}\u00a0\u00bb][\/et_pb_video][\/et_pb_column][\/et_pb_row][et_pb_row _builder_version=\u00a0\u00bb4.23.1&Prime; _module_preset=\u00a0\u00bbdefault\u00a0\u00bb][et_pb_column _builder_version=\u00a0\u00bb4.23.1&Prime; _module_preset=\u00a0\u00bbdefault\u00a0\u00bb type=\u00a0\u00bb4_4&Prime;][et_pb_text _builder_version=\u00a0\u00bb4.23.1&Prime; _module_preset=\u00a0\u00bbdefault\u00a0\u00bb hover_enabled=\u00a0\u00bb0&Prime; sticky_enabled=\u00a0\u00bb0&Prime;]<\/p>\n<h4 style=\"text-align: center;\"><strong>Pour aller plus loin sur le sujet, r\u00e9fl\u00e9chir<\/strong><\/h4>\n<p>[\/et_pb_text][\/et_pb_column][\/et_pb_row][et_pb_row _builder_version=\u00a0\u00bb4.23.1&Prime; _module_preset=\u00a0\u00bbdefault\u00a0\u00bb column_structure=\u00a0\u00bb1_2,1_2&Prime;][et_pb_column _builder_version=\u00a0\u00bb4.23.1&Prime; _module_preset=\u00a0\u00bbdefault\u00a0\u00bb type=\u00a0\u00bb1_2&Prime;][et_pb_text _builder_version=\u00a0\u00bb4.23.1&Prime; _module_preset=\u00a0\u00bbdefault\u00a0\u00bb custom_margin=\u00a0\u00bb0px||||false|false\u00a0\u00bb hover_enabled=\u00a0\u00bb0&Prime; global_colors_info=\u00a0\u00bb{}\u00a0\u00bb sticky_enabled=\u00a0\u00bb0&Prime;]<\/p>\n<h4>Une enqu\u00eate dans les lyc\u00e9es franciliens<\/h4>\n<p><a href=\"https:\/\/www.education.gouv.fr\/sites\/default\/files\/imported_files\/document\/depp-2018-EF97-web-01_1007114.pdf\" target=\"_blank\" rel=\"noopener\">Les filles et les gar\u00e7ons face aux sciences<\/a><br \/><em>Source : \u00e9ducation &amp; formations, n\u00b097, sept 1998<\/em><\/p>\n<p>[\/et_pb_text][et_pb_divider _builder_version=\u00a0\u00bb4.23.1&Prime; _module_preset=\u00a0\u00bbdefault\u00a0\u00bb hover_enabled=\u00a0\u00bb0&Prime; sticky_enabled=\u00a0\u00bb0&Prime;][\/et_pb_divider][et_pb_text _builder_version=\u00a0\u00bb4.23.1&Prime; _module_preset=\u00a0\u00bbdefault\u00a0\u00bb hover_enabled=\u00a0\u00bb0&Prime; sticky_enabled=\u00a0\u00bb0&Prime;]<\/p>\n<h4>Sans mod\u00e8les de r\u00e9ussite f\u00e9minins, comment donner envie aux jeunes filles de se lancer dans les fili\u00e8res math\u00e9matiques ?<\/h4>\n<p>Hugo Duminil-Copin, m\u00e9daill\u00e9 Fields en 2022, rappelle que c\u2019est en s\u2019identifiant \u00e0 des exemples qui leur ressemblent que les \u00e9l\u00e8ves pourront se projeter dans cette voie.<\/p>\n<p style=\"text-align: center;\"><em>Post de France culture, 29\/11\/23<\/em><\/p>\n<p>[\/et_pb_text][et_pb_image src=\u00a0\u00bbhttp:\/\/sonolux-sacrecoeur22.fr\/wp-content\/uploads\/2023\/11\/2023-11-30-16-12-francecult-1.png\u00a0\u00bb _builder_version=\u00a0\u00bb4.23.1&Prime; _module_preset=\u00a0\u00bbdefault\u00a0\u00bb hover_enabled=\u00a0\u00bb0&Prime; sticky_enabled=\u00a0\u00bb0&Prime; title_text=\u00a0\u00bb2023-11-30 16 12 francecult\u00a0\u00bb url_new_window=\u00a0\u00bbon\u00a0\u00bb url=\u00a0\u00bbhttps:\/\/fr.linkedin.com\/posts\/franceculture_sans-mod%C3%A8les-de-r%C3%A9ussite-f%C3%A9minins-comment-activity-7135492576089960448-Zzub\u00a0\u00bb width=\u00a0\u00bb81%\u00a0\u00bb][\/et_pb_image][\/et_pb_column][et_pb_column _builder_version=\u00a0\u00bb4.23.1&Prime; _module_preset=\u00a0\u00bbdefault\u00a0\u00bb type=\u00a0\u00bb1_2&Prime;][et_pb_text _builder_version=\u00a0\u00bb4.23.1&Prime; _module_preset=\u00a0\u00bbdefault\u00a0\u00bb hover_enabled=\u00a0\u00bb0&Prime; sticky_enabled=\u00a0\u00bb0&Prime;]<\/p>\n<h4 class=\"CoverEpisode-title qg-tt3 svelte-87e3qn\">Math\u00e9matiques : debout les femmes !<\/h4>\n<p>Au baccalaur\u00e9at, seules 30 % des filles pr\u00e9sentent la sp\u00e9cialit\u00e9 math\u00e9matique, contre 54 % des gar\u00e7ons. Le cas de cette discipline met en \u00e9vidence les disparit\u00e9s de genre dans les sciences d\u00e8s le lyc\u00e9e. Comment expliquer une telle diff\u00e9rence ? Que fait l\u2019absence des filles aux math\u00e9matiques ?<\/p>\n<p class=\"CoverEpisode-title qg-tt3 svelte-87e3qn\" style=\"text-align: center;\"><em>France Culture, podcast du 8\/11\/23, la science, CQFD<\/em><\/p>\n<p>[\/et_pb_text][et_pb_image src=\u00a0\u00bbhttps:\/\/www.radiofrance.fr\/s3\/cruiser-production\/2023\/11\/bd943f36-5091-45fd-9969-0e4bd6802119\/560x315_sc_ltdm-00441390-ts-productions.webp\u00a0\u00bb _builder_version=\u00a0\u00bb4.23.1&Prime; _module_preset=\u00a0\u00bbdefault\u00a0\u00bb url_new_window=\u00a0\u00bbon\u00a0\u00bb url=\u00a0\u00bbhttps:\/\/www.radiofrance.fr\/franceculture\/podcasts\/la-science-cqfd\/mathematiques-debout-les-femmes-4408500&Prime; hover_enabled=\u00a0\u00bb0&Prime; sticky_enabled=\u00a0\u00bb0&Prime; use_overlay=\u00a0\u00bbon\u00a0\u00bb hover_icon=\u00a0\u00bb&#x49;||divi||400&Prime; hover_overlay_color=\u00a0\u00bbrgba(12,113,195,0.58)\u00a0\u00bb][\/et_pb_image][et_pb_divider _builder_version=\u00a0\u00bb4.23.1&Prime; _module_preset=\u00a0\u00bbdefault\u00a0\u00bb hover_enabled=\u00a0\u00bb0&Prime; sticky_enabled=\u00a0\u00bb0&Prime;][\/et_pb_divider][\/et_pb_column][\/et_pb_row][\/et_pb_section]<\/p>\n","protected":false},"excerpt":{"rendered":"<p>Attractivit\u00e9 des \u00e9tudes et m\u00e9tiers scientifiques, selon le genreCet objectif, en parall\u00e8le de la r\u00e9alisation du boitier de captation sonore et lumineuse, consistait \u00e0 questionner l&rsquo;\u00e9galit\u00e9 homme &#8211; femme dans l&rsquo;acc\u00e8s ou l&rsquo;int\u00e9r\u00eat port\u00e9 aux \u00e9tudes et aux m\u00e9tiers scientifiques. Suite \u00e0 une r\u00e9flexion men\u00e9e par les 3 groupes, en pays puis en r\u00e9unions internationales, [&hellip;]<\/p>\n","protected":false},"author":1,"featured_media":0,"parent":0,"menu_order":0,"comment_status":"closed","ping_status":"closed","template":"","meta":{"_et_pb_use_builder":"on","_et_pb_old_content":"","_et_gb_content_width":"","om_disable_all_campaigns":false,"_monsterinsights_skip_tracking":false,"_monsterinsights_sitenote_active":false,"_monsterinsights_sitenote_note":"","_monsterinsights_sitenote_category":0,"footnotes":""},"class_list":["post-74","page","type-page","status-publish","hentry"],"aioseo_notices":[],"_links":{"self":[{"href":"https:\/\/sonolux-sacrecoeur22.fr\/index.php?rest_route=\/wp\/v2\/pages\/74","targetHints":{"allow":["GET"]}}],"collection":[{"href":"https:\/\/sonolux-sacrecoeur22.fr\/index.php?rest_route=\/wp\/v2\/pages"}],"about":[{"href":"https:\/\/sonolux-sacrecoeur22.fr\/index.php?rest_route=\/wp\/v2\/types\/page"}],"author":[{"embeddable":true,"href":"https:\/\/sonolux-sacrecoeur22.fr\/index.php?rest_route=\/wp\/v2\/users\/1"}],"replies":[{"embeddable":true,"href":"https:\/\/sonolux-sacrecoeur22.fr\/index.php?rest_route=%2Fwp%2Fv2%2Fcomments&post=74"}],"version-history":[{"count":13,"href":"https:\/\/sonolux-sacrecoeur22.fr\/index.php?rest_route=\/wp\/v2\/pages\/74\/revisions"}],"predecessor-version":[{"id":399,"href":"https:\/\/sonolux-sacrecoeur22.fr\/index.php?rest_route=\/wp\/v2\/pages\/74\/revisions\/399"}],"wp:attachment":[{"href":"https:\/\/sonolux-sacrecoeur22.fr\/index.php?rest_route=%2Fwp%2Fv2%2Fmedia&parent=74"}],"curies":[{"name":"wp","href":"https:\/\/api.w.org\/{rel}","templated":true}]}}