{"id":95,"date":"2023-11-18T11:20:36","date_gmt":"2023-11-18T10:20:36","guid":{"rendered":"https:\/\/sonolux-sacrecoeur22.fr\/?page_id=95"},"modified":"2023-12-05T17:03:51","modified_gmt":"2023-12-05T16:03:51","slug":"mobilites","status":"publish","type":"page","link":"https:\/\/sonolux-sacrecoeur22.fr\/?page_id=95","title":{"rendered":"Mobilit\u00e9s"},"content":{"rendered":"<p>[et_pb_section fb_built=\u00a0\u00bb1&Prime; _builder_version=\u00a0\u00bb4.23.1&Prime; _module_preset=\u00a0\u00bbdefault\u00a0\u00bb global_colors_info=\u00a0\u00bb{}\u00a0\u00bb][et_pb_row column_structure=\u00a0\u00bb2_5,3_5&Prime; _builder_version=\u00a0\u00bb4.23.1&Prime; _module_preset=\u00a0\u00bbdefault\u00a0\u00bb global_colors_info=\u00a0\u00bb{}\u00a0\u00bb][et_pb_column type=\u00a0\u00bb2_5&Prime; _builder_version=\u00a0\u00bb4.23.1&Prime; _module_preset=\u00a0\u00bbdefault\u00a0\u00bb global_colors_info=\u00a0\u00bb{}\u00a0\u00bb][et_pb_text _builder_version=\u00a0\u00bb4.23.1&Prime; _module_preset=\u00a0\u00bbdefault\u00a0\u00bb global_colors_info=\u00a0\u00bb{}\u00a0\u00bb]<\/p>\n<h1>Premi\u00e8re r\u00e9union transnationale en France<\/h1>\n<p><strong>Du 23-02-2022 au 25-02-2022<\/strong><\/p>\n<p>[\/et_pb_text][et_pb_text _builder_version=\u00a0\u00bb4.23.1&Prime; _module_preset=\u00a0\u00bbdefault\u00a0\u00bb global_colors_info=\u00a0\u00bb{}\u00a0\u00bb]<\/p>\n<p>Premi\u00e8re rencontre entre les partenaires fran\u00e7ais, espagnol et italien \u00e0 Saint-Brieuc.<\/p>\n<p>C&rsquo;est le moment de l&rsquo;affinement des objectifs et de leur op\u00e9rationnalition et de la pr\u00e9paration de la premi\u00e8re mobilit\u00e9 d&rsquo;\u00e9l\u00e8ves en Espagne.<\/p>\n<p>[\/et_pb_text][\/et_pb_column][et_pb_column type=\u00a0\u00bb3_5&Prime; _builder_version=\u00a0\u00bb4.23.1&Prime; _module_preset=\u00a0\u00bbdefault\u00a0\u00bb global_colors_info=\u00a0\u00bb{}\u00a0\u00bb][et_pb_image src=\u00a0\u00bbhttp:\/\/sonolux-sacrecoeur22.fr\/wp-content\/uploads\/2023\/11\/visite-tn1-gp.jpg\u00a0\u00bb title_text=\u00a0\u00bbvisite-tn1-gp\u00a0\u00bb _builder_version=\u00a0\u00bb4.23.1&Prime; _module_preset=\u00a0\u00bbdefault\u00a0\u00bb global_colors_info=\u00a0\u00bb{}\u00a0\u00bb][\/et_pb_image][\/et_pb_column][\/et_pb_row][et_pb_row column_structure=\u00a0\u00bb2_5,3_5&Prime; _builder_version=\u00a0\u00bb4.23.1&Prime; _module_preset=\u00a0\u00bbdefault\u00a0\u00bb global_colors_info=\u00a0\u00bb{}\u00a0\u00bb][et_pb_column type=\u00a0\u00bb2_5&Prime; _builder_version=\u00a0\u00bb4.23.1&Prime; _module_preset=\u00a0\u00bbdefault\u00a0\u00bb global_colors_info=\u00a0\u00bb{}\u00a0\u00bb][et_pb_text _builder_version=\u00a0\u00bb4.23.1&Prime; _module_preset=\u00a0\u00bbdefault\u00a0\u00bb global_colors_info=\u00a0\u00bb{}\u00a0\u00bb]<\/p>\n<h1>Premi\u00e8re mobilit\u00e9 d&rsquo;\u00e9l\u00e8ves vers l&rsquo;Espagne<\/h1>\n<p><strong>Du 04-04-2022 08-04-2022<\/strong><\/p>\n<p>[\/et_pb_text][et_pb_text _builder_version=\u00a0\u00bb4.23.1&Prime; _module_preset=\u00a0\u00bbdefault\u00a0\u00bb hover_enabled=\u00a0\u00bb0&Prime; global_colors_info=\u00a0\u00bb{}\u00a0\u00bb sticky_enabled=\u00a0\u00bb0&Prime;]<\/p>\n<p>Le planning des activit\u00e9s r\u00e9alis\u00e9es durant cette mobilit\u00e9 est accessible ici :<\/p>\n<p><a href=\"http:\/\/sonolux-sacrecoeur22.fr\/wp-content\/uploads\/2023\/12\/2022-04-04-08-mob1-PremiadeMar-fr.pdf\" rel=\"attachment wp-att-404\">2022-04-04-08-mob1-PremiadeMar-fr<\/a><\/p>\n<p>[\/et_pb_text][\/et_pb_column][et_pb_column type=\u00a0\u00bb3_5&Prime; _builder_version=\u00a0\u00bb4.23.1&Prime; _module_preset=\u00a0\u00bbdefault\u00a0\u00bb global_colors_info=\u00a0\u00bb{}\u00a0\u00bb][et_pb_image src=\u00a0\u00bbhttp:\/\/sonolux-sacrecoeur22.fr\/wp-content\/uploads\/2023\/11\/mob-coll1-gp.jpg\u00a0\u00bb title_text=\u00a0\u00bbmob-coll1-gp\u00a0\u00bb _builder_version=\u00a0\u00bb4.23.1&Prime; _module_preset=\u00a0\u00bbdefault\u00a0\u00bb global_colors_info=\u00a0\u00bb{}\u00a0\u00bb][\/et_pb_image][\/et_pb_column][\/et_pb_row][et_pb_row column_structure=\u00a0\u00bb2_5,3_5&Prime; _builder_version=\u00a0\u00bb4.23.1&Prime; _module_preset=\u00a0\u00bbdefault\u00a0\u00bb global_colors_info=\u00a0\u00bb{}\u00a0\u00bb][et_pb_column type=\u00a0\u00bb2_5&Prime; _builder_version=\u00a0\u00bb4.23.1&Prime; _module_preset=\u00a0\u00bbdefault\u00a0\u00bb global_colors_info=\u00a0\u00bb{}\u00a0\u00bb][et_pb_text _builder_version=\u00a0\u00bb4.23.1&Prime; _module_preset=\u00a0\u00bbdefault\u00a0\u00bb global_colors_info=\u00a0\u00bb{}\u00a0\u00bb]<\/p>\n<h1>Seconde r\u00e9union transnationale en Italie<\/h1>\n<p><strong>Du 05-10-2022\u00a0 au 07-10-2022<\/strong><\/p>\n<p>[\/et_pb_text][et_pb_text _builder_version=\u00a0\u00bb4.23.1&Prime; _module_preset=\u00a0\u00bbdefault\u00a0\u00bb global_colors_info=\u00a0\u00bb{}\u00a0\u00bb]<\/p>\n<p>Deuxi\u00e8me rencontre des partenaires \u00e0 Mod\u00e8ne.<\/p>\n<p>C&rsquo;est l&rsquo;occasion d&rsquo;un ajustement du programme des activit\u00e9s \u00e0 r\u00e9aliser et de la pr\u00e9paration de la seconde mobilit\u00e9 d&rsquo;\u00e9l\u00e8ves.<\/p>\n<p>[\/et_pb_text][\/et_pb_column][et_pb_column type=\u00a0\u00bb3_5&Prime; _builder_version=\u00a0\u00bb4.23.1&Prime; _module_preset=\u00a0\u00bbdefault\u00a0\u00bb global_colors_info=\u00a0\u00bb{}\u00a0\u00bb][et_pb_image src=\u00a0\u00bbhttp:\/\/sonolux-sacrecoeur22.fr\/wp-content\/uploads\/2023\/11\/mob-col2-gp.jpg\u00a0\u00bb title_text=\u00a0\u00bbmob-col2-gp\u00a0\u00bb _builder_version=\u00a0\u00bb4.23.1&Prime; _module_preset=\u00a0\u00bbdefault\u00a0\u00bb global_colors_info=\u00a0\u00bb{}\u00a0\u00bb][\/et_pb_image][\/et_pb_column][\/et_pb_row][et_pb_row column_structure=\u00a0\u00bb2_5,3_5&Prime; _builder_version=\u00a0\u00bb4.23.1&Prime; _module_preset=\u00a0\u00bbdefault\u00a0\u00bb global_colors_info=\u00a0\u00bb{}\u00a0\u00bb][et_pb_column type=\u00a0\u00bb2_5&Prime; _builder_version=\u00a0\u00bb4.23.1&Prime; _module_preset=\u00a0\u00bbdefault\u00a0\u00bb global_colors_info=\u00a0\u00bb{}\u00a0\u00bb][et_pb_text _builder_version=\u00a0\u00bb4.23.1&Prime; _module_preset=\u00a0\u00bbdefault\u00a0\u00bb global_colors_info=\u00a0\u00bb{}\u00a0\u00bb]<\/p>\n<h1>Seconde mobilit\u00e9 d&rsquo;\u00e9l\u00e8ves, vers l&rsquo;Italie<\/h1>\n<p><strong>Du 07-11-2022 au 11-11-2022<\/strong><\/p>\n<p>[\/et_pb_text][et_pb_text _builder_version=\u00a0\u00bb4.23.1&Prime; _module_preset=\u00a0\u00bbdefault\u00a0\u00bb global_colors_info=\u00a0\u00bb{}\u00a0\u00bb]<\/p>\n<p>Le planning des activit\u00e9s r\u00e9alis\u00e9es durant cette mobilit\u00e9 est accessible ici :<\/p>\n<p><a href=\"http:\/\/sonolux-sacrecoeur22.fr\/wp-content\/uploads\/2023\/11\/2022-1107-11-mob2-Modena-fr.pdf\" rel=\"attachment noopener wp-att-359\" target=\"_blank\">2022-1107-11-mob2-Modena fr<\/a><\/p>\n<p>[\/et_pb_text][\/et_pb_column][et_pb_column type=\u00a0\u00bb3_5&Prime; _builder_version=\u00a0\u00bb4.23.1&Prime; _module_preset=\u00a0\u00bbdefault\u00a0\u00bb global_colors_info=\u00a0\u00bb{}\u00a0\u00bb][et_pb_image src=\u00a0\u00bbhttp:\/\/sonolux-sacrecoeur22.fr\/wp-content\/uploads\/2023\/11\/mob2-gp.jpg\u00a0\u00bb title_text=\u00a0\u00bbmob2-gp\u00a0\u00bb _builder_version=\u00a0\u00bb4.23.1&Prime; _module_preset=\u00a0\u00bbdefault\u00a0\u00bb global_colors_info=\u00a0\u00bb{}\u00a0\u00bb][\/et_pb_image][\/et_pb_column][\/et_pb_row][et_pb_row column_structure=\u00a0\u00bb2_5,3_5&Prime; _builder_version=\u00a0\u00bb4.23.1&Prime; _module_preset=\u00a0\u00bbdefault\u00a0\u00bb global_colors_info=\u00a0\u00bb{}\u00a0\u00bb][et_pb_column type=\u00a0\u00bb2_5&Prime; _builder_version=\u00a0\u00bb4.23.1&Prime; _module_preset=\u00a0\u00bbdefault\u00a0\u00bb global_colors_info=\u00a0\u00bb{}\u00a0\u00bb][et_pb_text _builder_version=\u00a0\u00bb4.23.1&Prime; _module_preset=\u00a0\u00bbdefault\u00a0\u00bb global_colors_info=\u00a0\u00bb{}\u00a0\u00bb]<\/p>\n<h1>Troisi\u00e8me mobilit\u00e9 d&rsquo;\u00e9l\u00e8ves, vers la France<\/h1>\n<p><strong>Du 27-03-2023 au 31-03-2023<\/strong><\/p>\n<p>[\/et_pb_text][et_pb_text _builder_version=\u00a0\u00bb4.23.1&Prime; _module_preset=\u00a0\u00bbdefault\u00a0\u00bb global_colors_info=\u00a0\u00bb{}\u00a0\u00bb]<\/p>\n<p>Le planning des activit\u00e9s r\u00e9alis\u00e9es durant cette mobilit\u00e9 est accessible ici :<\/p>\n<p><a href=\"http:\/\/sonolux-sacrecoeur22.fr\/wp-content\/uploads\/2023\/11\/2023-03-2731-mob3-St-Brieuc.pdf\" rel=\"attachment noopener wp-att-360\" target=\"_blank\">2023-03-2731-mob3-St-Brieuc<\/a><\/p>\n<p>[\/et_pb_text][\/et_pb_column][et_pb_column type=\u00a0\u00bb3_5&Prime; _builder_version=\u00a0\u00bb4.23.1&Prime; _module_preset=\u00a0\u00bbdefault\u00a0\u00bb global_colors_info=\u00a0\u00bb{}\u00a0\u00bb][et_pb_image src=\u00a0\u00bbhttp:\/\/sonolux-sacrecoeur22.fr\/wp-content\/uploads\/2023\/11\/mob3-gp.jpg\u00a0\u00bb title_text=\u00a0\u00bbmob3-gp\u00a0\u00bb _builder_version=\u00a0\u00bb4.23.1&Prime; _module_preset=\u00a0\u00bbdefault\u00a0\u00bb global_colors_info=\u00a0\u00bb{}\u00a0\u00bb][\/et_pb_image][\/et_pb_column][\/et_pb_row][et_pb_row column_structure=\u00a0\u00bb2_5,3_5&Prime; _builder_version=\u00a0\u00bb4.23.1&Prime; _module_preset=\u00a0\u00bbdefault\u00a0\u00bb global_colors_info=\u00a0\u00bb{}\u00a0\u00bb][et_pb_column type=\u00a0\u00bb2_5&Prime; _builder_version=\u00a0\u00bb4.23.1&Prime; _module_preset=\u00a0\u00bbdefault\u00a0\u00bb global_colors_info=\u00a0\u00bb{}\u00a0\u00bb][et_pb_text _builder_version=\u00a0\u00bb4.23.1&Prime; _module_preset=\u00a0\u00bbdefault\u00a0\u00bb global_colors_info=\u00a0\u00bb{}\u00a0\u00bb]<\/p>\n<h1>Troisi\u00e8me r\u00e9union transnationale Espagne<\/h1>\n<p><strong>Du 04-10-2023 au 06-10-2023<\/strong><\/p>\n<p>[\/et_pb_text][et_pb_text _builder_version=\u00a0\u00bb4.23.1&Prime; _module_preset=\u00a0\u00bbdefault\u00a0\u00bb global_colors_info=\u00a0\u00bb{}\u00a0\u00bb]<\/p>\n<p>C&rsquo;est la fin du projet et donc le temps du bilan.<\/p>\n<p>Une mise en commun du parcours r\u00e9alis\u00e9, des r\u00e9sultats obtenus, des perspectives de poursuite du travail sur chaque territoire.<\/p>\n<p>[\/et_pb_text][\/et_pb_column][et_pb_column type=\u00a0\u00bb3_5&Prime; _builder_version=\u00a0\u00bb4.23.1&Prime; _module_preset=\u00a0\u00bbdefault\u00a0\u00bb global_colors_info=\u00a0\u00bb{}\u00a0\u00bb][et_pb_image src=\u00a0\u00bbhttp:\/\/sonolux-sacrecoeur22.fr\/wp-content\/uploads\/2023\/11\/tn3-gp.jpg\u00a0\u00bb title_text=\u00a0\u00bbtn3-gp\u00a0\u00bb _builder_version=\u00a0\u00bb4.23.1&Prime; _module_preset=\u00a0\u00bbdefault\u00a0\u00bb global_colors_info=\u00a0\u00bb{}\u00a0\u00bb][\/et_pb_image][\/et_pb_column][\/et_pb_row][\/et_pb_section]<\/p>\n","protected":false},"excerpt":{"rendered":"<p>Premi\u00e8re r\u00e9union transnationale en France Du 23-02-2022 au 25-02-2022Premi\u00e8re rencontre entre les partenaires fran\u00e7ais, espagnol et italien \u00e0 Saint-Brieuc. C&rsquo;est le moment de l&rsquo;affinement des objectifs et de leur op\u00e9rationnalition et de la pr\u00e9paration de la premi\u00e8re mobilit\u00e9 d&rsquo;\u00e9l\u00e8ves en Espagne.Premi\u00e8re mobilit\u00e9 d&rsquo;\u00e9l\u00e8ves vers l&rsquo;Espagne Du 04-04-2022 08-04-2022Le planning des activit\u00e9s r\u00e9alis\u00e9es durant cette mobilit\u00e9 [&hellip;]<\/p>\n","protected":false},"author":1,"featured_media":0,"parent":0,"menu_order":0,"comment_status":"closed","ping_status":"closed","template":"","meta":{"_et_pb_use_builder":"on","_et_pb_old_content":"","_et_gb_content_width":"","om_disable_all_campaigns":false,"_monsterinsights_skip_tracking":false,"_monsterinsights_sitenote_active":false,"_monsterinsights_sitenote_note":"","_monsterinsights_sitenote_category":0,"footnotes":""},"class_list":["post-95","page","type-page","status-publish","hentry"],"aioseo_notices":[],"_links":{"self":[{"href":"https:\/\/sonolux-sacrecoeur22.fr\/index.php?rest_route=\/wp\/v2\/pages\/95","targetHints":{"allow":["GET"]}}],"collection":[{"href":"https:\/\/sonolux-sacrecoeur22.fr\/index.php?rest_route=\/wp\/v2\/pages"}],"about":[{"href":"https:\/\/sonolux-sacrecoeur22.fr\/index.php?rest_route=\/wp\/v2\/types\/page"}],"author":[{"embeddable":true,"href":"https:\/\/sonolux-sacrecoeur22.fr\/index.php?rest_route=\/wp\/v2\/users\/1"}],"replies":[{"embeddable":true,"href":"https:\/\/sonolux-sacrecoeur22.fr\/index.php?rest_route=%2Fwp%2Fv2%2Fcomments&post=95"}],"version-history":[{"count":16,"href":"https:\/\/sonolux-sacrecoeur22.fr\/index.php?rest_route=\/wp\/v2\/pages\/95\/revisions"}],"predecessor-version":[{"id":405,"href":"https:\/\/sonolux-sacrecoeur22.fr\/index.php?rest_route=\/wp\/v2\/pages\/95\/revisions\/405"}],"wp:attachment":[{"href":"https:\/\/sonolux-sacrecoeur22.fr\/index.php?rest_route=%2Fwp%2Fv2%2Fmedia&parent=95"}],"curies":[{"name":"wp","href":"https:\/\/api.w.org\/{rel}","templated":true}]}}